{"id":678,"date":"2017-11-28T11:59:51","date_gmt":"2017-11-28T10:59:51","guid":{"rendered":"http:\/\/leenpao.com\/?page_id=678"},"modified":"2025-10-16T11:13:14","modified_gmt":"2025-10-16T09:13:14","slug":"soins-visage","status":"publish","type":"page","link":"https:\/\/leenpao.com\/index.php\/soins-visage\/","title":{"rendered":"Soins Visage"},"content":{"rendered":"<p>[et_pb_section fb_built=\u00a0\u00bb1&Prime; background_color=\u00a0\u00bbrgba(255,255,255,0.68)\u00a0\u00bb _builder_version=\u00a0\u00bb3.0.88&Prime; border_style_all=\u00a0\u00bbnone\u00a0\u00bb max_width=\u00a0\u00bb90%\u00a0\u00bb module_alignment=\u00a0\u00bbcenter\u00a0\u00bb custom_margin=\u00a0\u00bb30px|30px|30px|30px\u00a0\u00bb custom_padding=\u00a0\u00bb10px|0px|0px|0px\u00a0\u00bb locked=\u00a0\u00bboff\u00a0\u00bb][et_pb_row custom_padding=\u00a0\u00bb18px|0px|90px|0px\u00a0\u00bb custom_margin=\u00a0\u00bb25px|||\u00a0\u00bb _builder_version=\u00a0\u00bb3.0.88&Prime; background_image=\u00a0\u00bbhttps:\/\/leenpao.com\/wp-content\/uploads\/2018\/11\/la-canop\u00e9e.jpg\u00a0\u00bb background_size=\u00a0\u00bbcontain\u00a0\u00bb background_position=\u00a0\u00bbtop_left\u00a0\u00bb background_blend=\u00a0\u00bbcolor-dodge\u00a0\u00bb animation_style=\u00a0\u00bbslide\u00a0\u00bb][et_pb_column type=\u00a0\u00bb4_4&Prime; _builder_version=\u00a0\u00bb3.0.47&Prime; parallax=\u00a0\u00bboff\u00a0\u00bb parallax_method=\u00a0\u00bbon\u00a0\u00bb][\/et_pb_column][\/et_pb_row][et_pb_row use_custom_width=\u00a0\u00bbon\u00a0\u00bb width_unit=\u00a0\u00bboff\u00a0\u00bb custom_width_percent=\u00a0\u00bb83%\u00a0\u00bb custom_padding=\u00a0\u00bb0px|0px|0px|0px\u00a0\u00bb padding_1_last_edited=\u00a0\u00bboff|desktop\u00a0\u00bb _builder_version=\u00a0\u00bb3.0.88&Prime; background_size=\u00a0\u00bbinitial\u00a0\u00bb background_position=\u00a0\u00bbtop_left\u00a0\u00bb background_repeat=\u00a0\u00bbrepeat\u00a0\u00bb][et_pb_column type=\u00a0\u00bb4_4&Prime; _builder_version=\u00a0\u00bb3.0.47&Prime; padding_last_edited=\u00a0\u00bboff|desktop\u00a0\u00bb parallax=\u00a0\u00bboff\u00a0\u00bb parallax_method=\u00a0\u00bbon\u00a0\u00bb][et_pb_text _builder_version=\u00a0\u00bb3.0.88&Prime; inline_fonts=\u00a0\u00bbJura\u00a0\u00bb]<\/p>\n<h3 style=\"text-align: center;\"><span style=\"font-family: Jura; color: #997815; font-size: x-large;\"><\/span><\/h3>\n<p style=\"text-align: center;\"><span style=\"font-family: Jura; color: #997815; font-size: x-large;\">Les Soins du visage<\/span><\/p>\n<p style=\"text-align: center;\"><span style=\"font-family: Jura; color: #997815; font-size: x-large;\">La Canop\u00e9e<\/span><\/p>\n<p style=\"text-align: center;\"><span style=\"font-size: medium;\"><strong><span style=\"font-family: Jura;\">Dur\u00e9e et Tarifs : R\u00e9sidents Gypse \/ Non-r\u00e9sidents Gypse<\/span><\/strong><\/span><\/p>\n<p style=\"text-align: center;\"><span style=\"font-size: medium;\"><strong><span style=\"font-family: Jura;\">25 minutes : 55 \u20ac \/ 80 \u20ac<\/span><\/strong><\/span><\/p>\n<p style=\"text-align: center;\"><span style=\"font-size: medium;\"><strong><span style=\"font-family: Jura;\">50 minutes : 95 \u20ac \/ 120 \u20ac<\/span><\/strong><\/span><\/p>\n<p style=\"text-align: center;\"><span style=\"font-size: medium;\"><strong><span style=\"font-family: Jura;\">70 minutes : 130 \u20ac \/ 145 \u20ac<\/span><\/strong><\/span><\/p>\n<p style=\"text-align: center;\"><span style=\"text-decoration: underline; font-size: medium;\"><span style=\"font-family: Jura;\">Toute r\u00e9servation de soin offre un acc\u00e8s \u00e0 l&rsquo;espace spa sans limite de temps<\/span><\/span><\/p>\n<p>&nbsp;<\/p>\n<p><span style=\"font-family: Jura; color: #3a1d09; font-size: medium;\">Le Rituel Hydratation<\/span><\/p>\n<h3 style=\"text-align: justify;\"><span style=\"color: rgba(0, 0, 0, 0.83);\"><span style=\"color: rgba(0, 0, 0, 0.78); font-size: large;\"><span style=\"font-family: Jura; font-weight: normal; font-size: medium;\">Ce soin multivitamin\u00e9 hydrate intens\u00e9ment et nourrit gr\u00e2ce \u00e0 l&rsquo;aloe vera et aux huiles pr\u00e9cieuses de baobab et de s\u00e9same. Un v\u00e9ritable cocktail d&rsquo;actifs qui ressource les peaux les plus assoiff\u00e9es. <\/span><span style=\"font-family: Jura; font-weight: normal;\"><span style=\"font-size: medium;\">Le teint est lumineux et \u00e9clatant de beaut\u00e9<\/span>.<\/span><\/span><\/span>\u00a0<\/h3>\n<p>&nbsp;<\/p>\n<h3 style=\"text-align: justify;\"><span style=\"font-family: Jura; color: rgba(66, 17, 0, 0.95); font-size: medium;\">Le Rituel Peau Parfaite<\/span><\/h3>\n<h3><span style=\"font-size: medium; font-weight: normal; font-family: Jura;\"><span style=\"color: rgba(0, 0, 0, 0.77);\">V\u00e9ritable soin d\u00e9sincrustant, perfecteur de peau. Les argiles rose et verte, les huiles essentielles bio d&rsquo;arbre \u00e0\u00a0th\u00e9, de lavande et de citron s&rsquo;unissent pour assainir l&rsquo;\u00e9piderme. Un nettoyage profond pour une peau z\u00e9ro d\u00e9faut. Le soin des peaux \u00e0 probl\u00e8mes voire acn\u00e9iques.<\/span><\/span><\/h3>\n<p>[\/et_pb_text][et_pb_text _builder_version=\u00a0\u00bb3.0.88&Prime; inline_fonts=\u00a0\u00bbJura\u00a0\u00bb]<\/p>\n<h3 style=\"text-align: left;\"><span style=\"font-family: Jura; color: #4f2200; font-size: medium;\">Le Rituel R\u00e9g\u00e9n\u00e9rant<\/span><\/h3>\n<h3 style=\"text-align: justify;\"><span style=\"font-size: medium; font-family: Jura; font-weight: normal;\"><span style=\"color: rgba(0, 0, 0, 0.8);\">Un rituel de beaut\u00e9 complet pour retrouver \u00e9lasticit\u00e9, confort et lutter efficacement contre les signes de l&rsquo;\u00e2ge. Ce soin est un concentr\u00e9 d&rsquo;actifs antioxydant, repulpant et anti-rides. L&rsquo;acide hyaluronique, le wakam\u00e9 et l&rsquo;huile d&rsquo;argan nourrissent et apportent \u00e0 la peau les acides gras n\u00e9cessaires pour r\u00e9g\u00e9n\u00e9rer l&rsquo;\u00e9piderme.<\/span><\/span><\/h3>\n<p><span style=\"font-size: medium; font-family: Jura; font-weight: normal;\"><span style=\"color: rgba(0, 0, 0, 0.8);\"><\/span><\/span><\/p>\n<p><span style=\"font-size: medium;\"><span style=\"font-family: Jura; color: rgba(0, 0, 0, 0.8);\"><\/span><\/span><\/p>\n<p style=\"text-align: center;\"><span style=\"font-size: medium;\"><span style=\"font-family: Jura; color: rgba(0, 0, 0, 0.8);\"><\/span><\/span><\/p>\n<p>[\/et_pb_text][\/et_pb_column][\/et_pb_row][\/et_pb_section]<\/p>\n","protected":false},"excerpt":{"rendered":"<p>[et_pb_section fb_built=\u00a0\u00bb1&Prime; background_color=\u00a0\u00bbrgba(255,255,255,0.68)\u00a0\u00bb _builder_version=\u00a0\u00bb3.0.88&Prime; border_style_all=\u00a0\u00bbnone\u00a0\u00bb max_width=\u00a0\u00bb90%\u00a0\u00bb module_alignment=\u00a0\u00bbcenter\u00a0\u00bb custom_margin=\u00a0\u00bb30px|30px|30px|30px\u00a0\u00bb custom_padding=\u00a0\u00bb10px|0px|0px|0px\u00a0\u00bb locked=\u00a0\u00bboff\u00a0\u00bb][et_pb_row custom_padding=\u00a0\u00bb18px|0px|90px|0px\u00a0\u00bb custom_margin=\u00a0\u00bb25px|||\u00a0\u00bb _builder_version=\u00a0\u00bb3.0.88&Prime; background_image=\u00a0\u00bbhttps:\/\/leenpao.com\/wp-content\/uploads\/2018\/11\/la-canop\u00e9e.jpg\u00a0\u00bb background_size=\u00a0\u00bbcontain\u00a0\u00bb background_position=\u00a0\u00bbtop_left\u00a0\u00bb background_blend=\u00a0\u00bbcolor-dodge\u00a0\u00bb animation_style=\u00a0\u00bbslide\u00a0\u00bb][et_pb_column type=\u00a0\u00bb4_4&Prime; _builder_version=\u00a0\u00bb3.0.47&Prime; parallax=\u00a0\u00bboff\u00a0\u00bb parallax_method=\u00a0\u00bbon\u00a0\u00bb][\/et_pb_column][\/et_pb_row][et_pb_row use_custom_width=\u00a0\u00bbon\u00a0\u00bb width_unit=\u00a0\u00bboff\u00a0\u00bb custom_width_percent=\u00a0\u00bb83%\u00a0\u00bb custom_padding=\u00a0\u00bb0px|0px|0px|0px\u00a0\u00bb padding_1_last_edited=\u00a0\u00bboff|desktop\u00a0\u00bb _builder_version=\u00a0\u00bb3.0.88&Prime; background_size=\u00a0\u00bbinitial\u00a0\u00bb background_position=\u00a0\u00bbtop_left\u00a0\u00bb background_repeat=\u00a0\u00bbrepeat\u00a0\u00bb][et_pb_column type=\u00a0\u00bb4_4&Prime; _builder_version=\u00a0\u00bb3.0.47&Prime; padding_last_edited=\u00a0\u00bboff|desktop\u00a0\u00bb parallax=\u00a0\u00bboff\u00a0\u00bb parallax_method=\u00a0\u00bbon\u00a0\u00bb][et_pb_text _builder_version=\u00a0\u00bb3.0.88&Prime; inline_fonts=\u00a0\u00bbJura\u00a0\u00bb] Les Soins du visage La Canop\u00e9e Dur\u00e9e et Tarifs : R\u00e9sidents Gypse \/ Non-r\u00e9sidents Gypse 25 minutes [&hellip;]<\/p>\n","protected":false},"author":2,"featured_media":0,"parent":0,"menu_order":0,"comment_status":"closed","ping_status":"closed","template":"","meta":{"footnotes":""},"class_list":["post-678","page","type-page","status-publish","hentry"],"_links":{"self":[{"href":"https:\/\/leenpao.com\/index.php\/wp-json\/wp\/v2\/pages\/678","targetHints":{"allow":["GET"]}}],"collection":[{"href":"https:\/\/leenpao.com\/index.php\/wp-json\/wp\/v2\/pages"}],"about":[{"href":"https:\/\/leenpao.com\/index.php\/wp-json\/wp\/v2\/types\/page"}],"author":[{"embeddable":true,"href":"https:\/\/leenpao.com\/index.php\/wp-json\/wp\/v2\/users\/2"}],"replies":[{"embeddable":true,"href":"https:\/\/leenpao.com\/index.php\/wp-json\/wp\/v2\/comments?post=678"}],"version-history":[{"count":124,"href":"https:\/\/leenpao.com\/index.php\/wp-json\/wp\/v2\/pages\/678\/revisions"}],"predecessor-version":[{"id":2635,"href":"https:\/\/leenpao.com\/index.php\/wp-json\/wp\/v2\/pages\/678\/revisions\/2635"}],"wp:attachment":[{"href":"https:\/\/leenpao.com\/index.php\/wp-json\/wp\/v2\/media?parent=678"}],"curies":[{"name":"wp","href":"https:\/\/api.w.org\/{rel}","templated":true}]}}