{"id":612,"date":"2017-11-20T16:48:03","date_gmt":"2017-11-20T15:48:03","guid":{"rendered":"http:\/\/leenpao.com\/?page_id=612"},"modified":"2017-11-20T16:48:54","modified_gmt":"2017-11-20T15:48:54","slug":"mentions-legales","status":"publish","type":"page","link":"https:\/\/leenpao.com\/index.php\/mentions-legales\/","title":{"rendered":"Mentions l\u00e9gales"},"content":{"rendered":"<h2>PROPRI\u00c9T\u00c9 ET R\u00c9DACTION<\/h2>\n<p>Le site internet<a href=\"http:\/\/www.leenpao.com\/\">\u00a0www.leenpao.com<\/a>\u00a0est la propri\u00e9t\u00e9 de:<br \/>\nPauline Leclercq<\/p>\n<div>\n<p>Directeur de la publication :\u00a0Pauline Leclercq<\/p>\n<\/div>\n<h2>CONCEPTION ET R\u00c9ALISATION<\/h2>\n<p>Le site internet a \u00e9t\u00e9 r\u00e9alis\u00e9 par:<br \/>\nClothilde FACON<br \/>\n36 rue d\u2019Arras<br \/>\n62530 Gouy-Servins<br \/>\nSite internet :\u00a0<a href=\"http:\/\/www.clothilde-facon.fr\/\">www.clothilde-facon.fr<\/a><br \/>\nT\u00e9l\u00e9phone : 06 84 08 05 51<\/p>\n<h2><\/h2>\n<h2>R\u00c9F\u00c9RENCEMENT<\/h2>\n<p>Optimisation du r\u00e9f\u00e9rencement naturel du site par Clothilde Facon<\/p>\n<h2>PHOTOGRAPHIES<\/h2>\n<p>Les photographies\u00a0sont la propri\u00e9t\u00e9 de Pauline Leclercq<\/p>\n<h2>H\u00c9BERGEMENT<\/h2>\n<p>L\u2019h\u00e9bergement du site est assur\u00e9 par :<br \/>\nH\u00e9bergeur : OVH<br \/>\n140 Quai du Sartel, 59100 Roubaix<br \/>\nSite Web :\u00a0<a href=\"http:\/\/www.ovh.fr\/\">www.ovh.fr<\/a><\/p>\n","protected":false},"excerpt":{"rendered":"<p>PROPRI\u00c9T\u00c9 ET R\u00c9DACTION Le site internet\u00a0www.leenpao.com\u00a0est la propri\u00e9t\u00e9 de: Pauline Leclercq Directeur de la publication :\u00a0Pauline Leclercq CONCEPTION ET R\u00c9ALISATION Le site internet a \u00e9t\u00e9 r\u00e9alis\u00e9 par: Clothilde FACON 36 rue d\u2019Arras 62530 Gouy-Servins Site internet :\u00a0www.clothilde-facon.fr T\u00e9l\u00e9phone : 06 84 08 05 51 R\u00c9F\u00c9RENCEMENT Optimisation du r\u00e9f\u00e9rencement naturel du site par Clothilde Facon PHOTOGRAPHIES [&hellip;]<\/p>\n","protected":false},"author":2,"featured_media":0,"parent":0,"menu_order":0,"comment_status":"closed","ping_status":"closed","template":"","meta":{"footnotes":""},"class_list":["post-612","page","type-page","status-publish","hentry"],"_links":{"self":[{"href":"https:\/\/leenpao.com\/index.php\/wp-json\/wp\/v2\/pages\/612","targetHints":{"allow":["GET"]}}],"collection":[{"href":"https:\/\/leenpao.com\/index.php\/wp-json\/wp\/v2\/pages"}],"about":[{"href":"https:\/\/leenpao.com\/index.php\/wp-json\/wp\/v2\/types\/page"}],"author":[{"embeddable":true,"href":"https:\/\/leenpao.com\/index.php\/wp-json\/wp\/v2\/users\/2"}],"replies":[{"embeddable":true,"href":"https:\/\/leenpao.com\/index.php\/wp-json\/wp\/v2\/comments?post=612"}],"version-history":[{"count":1,"href":"https:\/\/leenpao.com\/index.php\/wp-json\/wp\/v2\/pages\/612\/revisions"}],"predecessor-version":[{"id":613,"href":"https:\/\/leenpao.com\/index.php\/wp-json\/wp\/v2\/pages\/612\/revisions\/613"}],"wp:attachment":[{"href":"https:\/\/leenpao.com\/index.php\/wp-json\/wp\/v2\/media?parent=612"}],"curies":[{"name":"wp","href":"https:\/\/api.w.org\/{rel}","templated":true}]}}