{"id":20,"date":"2024-09-24T08:19:31","date_gmt":"2024-09-24T06:19:31","guid":{"rendered":"http:\/\/leenpao.com\/?page_id=20"},"modified":"2026-03-12T21:11:53","modified_gmt":"2026-03-12T20:11:53","slug":"accueil-4","status":"publish","type":"page","link":"https:\/\/leenpao.com\/","title":{"rendered":"Accueil"},"content":{"rendered":"<p>[et_pb_section fb_built=\u00a0\u00bb1&Prime; background_color=\u00a0\u00bb#e0d9cc\u00a0\u00bb fullwidth=\u00a0\u00bbon\u00a0\u00bb custom_padding_last_edited=\u00a0\u00bbon|desktop\u00a0\u00bb _builder_version=\u00a0\u00bb3.0.88&Prime; max_width_phone=\u00a0\u00bb100%\u00a0\u00bb max_width_last_edited=\u00a0\u00bbon|desktop\u00a0\u00bb custom_margin=\u00a0\u00bb0px|50px|0px|50px\u00a0\u00bb custom_margin_last_edited=\u00a0\u00bbon|desktop\u00a0\u00bb custom_padding=\u00a0\u00bb0px|0px|0px|0px\u00a0\u00bb][et_pb_fullwidth_slider _builder_version=\u00a0\u00bb3.0.88&Prime;][et_pb_slide use_bg_overlay=\u00a0\u00bboff\u00a0\u00bb _builder_version=\u00a0\u00bb3.0.88&Prime; background_image=\u00a0\u00bbhttps:\/\/leenpao.com\/wp-content\/uploads\/2019\/10\/985204351-e1727266327287.jpg\u00a0\u00bb background_size=\u00a0\u00bbcontain\u00a0\u00bb background_position=\u00a0\u00bbbottom_center\u00a0\u00bb][\/et_pb_slide][et_pb_slide use_bg_overlay=\u00a0\u00bboff\u00a0\u00bb _builder_version=\u00a0\u00bb3.0.88&Prime; background_image=\u00a0\u00bbhttps:\/\/leenpao.com\/wp-content\/uploads\/2017\/11\/spa2-e1727263696864.jpg\u00a0\u00bb background_position=\u00a0\u00bbbottom_center\u00a0\u00bb][\/et_pb_slide][et_pb_slide _builder_version=\u00a0\u00bb3.0.88&Prime; background_image=\u00a0\u00bbhttps:\/\/leenpao.com\/wp-content\/uploads\/2019\/10\/spa4-e1727262282152.jpg\u00a0\u00bb background_position=\u00a0\u00bbbottom_center\u00a0\u00bb][\/et_pb_slide][et_pb_slide _builder_version=\u00a0\u00bb3.0.88&Prime; background_image=\u00a0\u00bbhttps:\/\/leenpao.com\/wp-content\/uploads\/2019\/10\/71278869_2899116433438548_3009939653999460352_o-e1727263535406.jpg\u00a0\u00bb background_position=\u00a0\u00bbbottom_center\u00a0\u00bb][\/et_pb_slide][et_pb_slide use_bg_overlay=\u00a0\u00bbon\u00a0\u00bb bg_overlay_color=\u00a0\u00bb#e0d9ccc\u00a0\u00bb _builder_version=\u00a0\u00bb3.0.88&Prime; background_image=\u00a0\u00bbhttps:\/\/leenpao.com\/wp-content\/uploads\/2019\/10\/image-massage-e1727264583724.jpg\u00a0\u00bb background_size=\u00a0\u00bbinitial\u00a0\u00bb background_position=\u00a0\u00bbbottom_center\u00a0\u00bb][\/et_pb_slide][et_pb_slide use_bg_overlay=\u00a0\u00bboff\u00a0\u00bb arrows_custom_color=\u00a0\u00bb#ffffff\u00a0\u00bb _builder_version=\u00a0\u00bb3.0.88&Prime; background_image=\u00a0\u00bbhttps:\/\/leenpao.com\/wp-content\/uploads\/2017\/11\/cardio1-e1727261885247.jpg\u00a0\u00bb custom_button=\u00a0\u00bboff\u00a0\u00bb][\/et_pb_slide][\/et_pb_fullwidth_slider][\/et_pb_section][et_pb_section fb_built=\u00a0\u00bb1&Prime; background_color=\u00a0\u00bbrgba(255,255,255,0.68)\u00a0\u00bb _builder_version=\u00a0\u00bb3.0.88&Prime; max_width=\u00a0\u00bb92%\u00a0\u00bb module_alignment=\u00a0\u00bbcenter\u00a0\u00bb custom_margin=\u00a0\u00bb30px|30px|30px|30px\u00a0\u00bb custom_padding=\u00a0\u00bb0px|0px|0px|0px\u00a0\u00bb][et_pb_row custom_padding=\u00a0\u00bb51px|0px|0px|0px\u00a0\u00bb _builder_version=\u00a0\u00bb3.0.88&Prime; module_alignment=\u00a0\u00bbcenter\u00a0\u00bb][et_pb_column type=\u00a0\u00bb4_4&Prime; _builder_version=\u00a0\u00bb3.0.47&Prime; parallax=\u00a0\u00bboff\u00a0\u00bb parallax_method=\u00a0\u00bbon\u00a0\u00bb][et_pb_button button_url=\u00a0\u00bbhttps:\/\/leenpao.setmore.com\u00a0\u00bb url_new_window=\u00a0\u00bbon\u00a0\u00bb button_text=\u00a0\u00bbPrendre rendez-vous\u00a0\u00bb button_alignment=\u00a0\u00bbcenter\u00a0\u00bb disabled_on=\u00a0\u00bboff|off|off\u00a0\u00bb _builder_version=\u00a0\u00bb3.0.88&Prime; custom_button=\u00a0\u00bbon\u00a0\u00bb button_text_size=\u00a0\u00bb20px\u00a0\u00bb button_text_color=\u00a0\u00bb#8e8e8e\u00a0\u00bb button_border_radius=\u00a0\u00bb13px\u00a0\u00bb button_letter_spacing=\u00a0\u00bb0px\u00a0\u00bb button_font=\u00a0\u00bb||||||||\u00a0\u00bb button_use_icon=\u00a0\u00bboff\u00a0\u00bb button_border_radius_hover=\u00a0\u00bb3px\u00a0\u00bb][\/et_pb_button][et_pb_button button_url=\u00a0\u00bbhttps:\/\/leenpao.setmore.com\u00a0\u00bb url_new_window=\u00a0\u00bbon\u00a0\u00bb button_text=\u00a0\u00bbMake an appointment\u00a0\u00bb button_alignment=\u00a0\u00bbcenter\u00a0\u00bb disabled_on=\u00a0\u00bboff|off|off\u00a0\u00bb _builder_version=\u00a0\u00bb3.0.88&Prime; custom_button=\u00a0\u00bbon\u00a0\u00bb button_text_size=\u00a0\u00bb18px\u00a0\u00bb button_text_color=\u00a0\u00bb#8e8e8e\u00a0\u00bb button_border_radius=\u00a0\u00bb13px\u00a0\u00bb button_letter_spacing=\u00a0\u00bb0px\u00a0\u00bb button_font=\u00a0\u00bb||||||||\u00a0\u00bb button_use_icon=\u00a0\u00bboff\u00a0\u00bb button_border_radius_hover=\u00a0\u00bb3px\u00a0\u00bb][\/et_pb_button][et_pb_blurb url=\u00a0\u00bbhttp:\/\/www.leschaletsdugypse.com\u00a0\u00bb icon_color=\u00a0\u00bb#ffffff\u00a0\u00bb use_circle=\u00a0\u00bbon\u00a0\u00bb icon_placement=\u00a0\u00bbleft\u00a0\u00bb content_max_width=\u00a0\u00bb1100px\u00a0\u00bb admin_label=\u00a0\u00bbBlurb\u00a0\u00bb _builder_version=\u00a0\u00bb3.0.88&Prime; header_font=\u00a0\u00bbJura||||||||\u00a0\u00bb header_text_align=\u00a0\u00bbcenter\u00a0\u00bb header_font_size=\u00a0\u00bb29px\u00a0\u00bb header_text_color=\u00a0\u00bb#5e3b00&Prime; header_letter_spacing=\u00a0\u00bb1px\u00a0\u00bb body_font=\u00a0\u00bbCabin||||||||\u00a0\u00bb body_text_align=\u00a0\u00bbcenter\u00a0\u00bb body_font_size=\u00a0\u00bb19px\u00a0\u00bb background_size=\u00a0\u00bbinitial\u00a0\u00bb background_position=\u00a0\u00bbtop_left\u00a0\u00bb background_repeat=\u00a0\u00bbrepeat\u00a0\u00bb custom_margin=\u00a0\u00bb0px|||\u00a0\u00bb custom_padding=\u00a0\u00bb0px|||\u00a0\u00bb inline_fonts=\u00a0\u00bbAbhaya Libre,Cookie,Karma,Advent Pro,Jura\u00a0\u00bb]<\/p>\n<p>&nbsp;<\/p>\n<p><span style=\"font-size: x-large;\"><span style=\"color: #5e3e00;\"><strong><span style=\"font-family: Jura;\"><span style=\"font-family: Jura;\">Ouverture du 13 d\u00e9cembre 2025 au 18 avril 2026<\/span><\/span><\/strong><\/span><\/span><\/p>\n<p><span style=\"font-size: large;\"><em><span style=\"color: #5e3e00;\"><span style=\"font-family: Jura;\"><span style=\"font-family: Jura;\">Winter season from Saturday 13th December 2025 to Saturday 18th April 2026<\/span><\/span><\/span><\/em><\/span>\u00a0<\/p>\n<p>&nbsp;<\/p>\n<h4 style=\"text-align: left;\"><span style=\"font-size: large;\"><span style=\"color: #000000;\"><span style=\"font-family: Jura;\">_ LES HORAIRES<\/span><\/span><\/span><\/h4>\n<h4 style=\"text-align: left;\"><span style=\"font-size: large;\"><span style=\"color: #000000;\"><span style=\"font-family: Jura;\">Tous les jours de 10h \u00e0 20h. Le samedi de 15h \u00e0 20h.<\/span><\/span><\/span><\/h4>\n<p style=\"text-align: left;\"><span style=\"font-size: large;\"><span style=\"color: #000000;\"><span style=\"font-family: Jura;\">Prenez rendez-vous par t\u00e9l\u00e9phone au 06 38 69 63 93 ou par mail \u00e0 contact@leenpao.com<\/span><\/span><\/span><\/p>\n<h4 style=\"text-align: left;\"><span style=\"font-size: large;\"><span style=\"color: #000000;\"><span style=\"font-family: Jura;\"><span style=\"font-size: medium;\"><em><span style=\"font-family: Jura; font-weight: normal;\">_ OPENING HOURS<\/span><\/em><\/span><\/span><\/span><\/span><\/h4>\n<h4 style=\"text-align: left;\"><span style=\"font-size: large;\"><span style=\"color: #000000;\"><span style=\"font-family: Jura;\"><span style=\"font-size: medium;\"><em><span style=\"font-family: Jura; font-weight: normal;\">Everyday 10am to 8pm. Saturday 3pm to 8pm.<\/span><\/em><\/span><\/span><\/span><\/span><\/h4>\n<p style=\"text-align: left;\"><span style=\"font-size: large;\"><span style=\"color: #000000;\"><span style=\"font-family: Jura;\"><span style=\"font-size: medium;\"><em><span style=\"font-family: Jura; font-weight: normal;\">Make an appointment by phone at +33 6 38 69 63 93 or by mail at contact@leenpao.com<\/span><\/em><\/span><\/span><\/span><\/span>\u00a0\u00a0<\/p>\n<p>&nbsp;<\/p>\n<h4 style=\"text-align: justify;\"><span style=\"font-size: large;\"><span style=\"color: #000000;\"><span style=\"font-family: Jura;\">_ LES CONDITIONS D&rsquo;ACCES AU SPA<\/span><\/span><\/span>\u00a0<\/h4>\n<h4 style=\"text-align: justify;\"><span style=\"font-size: large;\"><span style=\"color: #000000;\"><span style=\"font-family: Jura;\">L&rsquo;espace spa est<\/span><\/span><span style=\"color: #000000;\"><span style=\"font-family: Jura;\"> libre d&rsquo;acc\u00e8s pour les vacanciers r\u00e9sidants aux Chalets du Gypse et pour les clients de l&rsquo;institut.<\/span><\/span><\/span><\/h4>\n<h4 style=\"text-align: justify;\"><span style=\"font-size: large;\"><span style=\"color: #000000;\"><span style=\"font-family: Jura;\">Nous ne vendons pas d&rsquo;<\/span><\/span><\/span><span style=\"font-size: large;\"><span style=\"color: #000000;\"><span style=\"font-family: Jura;\">acc\u00e8s au spa,\u00a0<\/span><\/span><\/span><span style=\"font-size: large;\"><span style=\"color: #000000;\"><span style=\"font-family: Jura;\">il est <span style=\"text-decoration: underline;\">obligatoire de r\u00e9server un soin pour profiter des installations.<\/span><\/span><\/span><\/span><\/h4>\n<h4 style=\"text-align: justify;\"><span style=\"font-size: large;\"><span style=\"color: #000000;\"><span style=\"font-family: Jura;\">Pr\u00e9voyez votre serviette de bain ou louez-en sur place.<\/span><\/span><\/span><\/h4>\n<h4 style=\"text-align: justify;\"><span style=\"font-size: large;\"><span style=\"color: #000000;\"><span style=\"font-family: Jura;\">Merci de vous pr\u00e9senter \u00e0 l&rsquo;accueil des Chalets du Gypse 15 minutes avant l&rsquo;heure de votre soin. Tout retard<\/span><\/span><\/span><span style=\"font-size: large;\"><span style=\"color: #000000;\"><span style=\"font-family: Jura;\"> sera r\u00e9percut\u00e9 sur la dur\u00e9e de la prestation.<\/span><\/span><\/span>\u00a0<\/h4>\n<h4 style=\"text-align: justify;\"><span style=\"font-size: large;\"><span style=\"color: #000000;\"><span style=\"font-family: Jura;\"><span style=\"font-size: medium;\"><em><span style=\"font-family: Jura; font-weight: normal;\"><\/span><\/em><\/span><\/span><\/span><\/span><\/h4>\n<p>&nbsp;<\/p>\n<h4 style=\"text-align: justify;\"><span style=\"font-size: large;\"><span style=\"color: #000000;\"><span style=\"font-family: Jura;\"><span style=\"font-size: medium;\"><em><span style=\"font-family: Jura; font-weight: normal;\">_ SPA ACCESS CONDITIONS<\/span><\/em><\/span><\/span><\/span><\/span><\/h4>\n<h4 style=\"text-align: justify;\"><span style=\"font-size: large;\"><span style=\"color: #000000;\"><span style=\"font-family: Jura;\"><span style=\"font-size: medium;\"><em><span style=\"font-family: Jura; font-weight: normal;\">Wellness treatments available by appointment. Call Pauline at +33 6 38 69 63 93.\u00a0<\/span><\/em><\/span><\/span><\/span><\/span><span style=\"font-size: medium;\"><em><span style=\"color: #000000;\"><span style=\"font-family: Jura; font-weight: normal;\">The spa facilities are freely accessible for residents of Les Chalets du Gypse and autorized for clients of the institute. <\/span><\/span><\/em><\/span><span style=\"font-size: medium;\"><em><span style=\"color: #000000;\"><span style=\"font-family: Jura; font-weight: normal;\">We do not sell access to the spa, <span style=\"text-decoration: underline;\">it is mandatory to book a treatment to benefit these facilities.<\/span>\u00a0<\/span><\/span><\/em><\/span><span style=\"font-size: medium;\"><em><span style=\"color: #000000;\"><span style=\"font-family: Jura; font-weight: normal;\">Bring your own bath towel or bathrobe or rent it on site.\u00a0<\/span><\/span><\/em><\/span><span style=\"font-size: medium;\"><em><span style=\"color: #000000;\"><span style=\"font-family: Jura; font-weight: normal;\"><span style=\"color: #5e3e00;\"><strong><span style=\"font-family: Jura;\"><span style=\"font-weight: normal; color: #6d3c00; font-family: Jura;\"><span style=\"font-weight: normal; font-family: Jura; color: #000000;\">Please to come 15 minutes before your appointment time at the reception of Les Chalets du Gypse residence. Any delay will be reflected on the treatment time.<\/span><\/span><\/span><\/strong><\/span><\/span><\/span><\/em><\/span><\/h4>\n<p><span style=\"font-size: medium;\"><em><span style=\"color: #000000;\"><span style=\"font-family: Jura; font-weight: normal;\"><span style=\"color: #5e3e00;\"><strong><span style=\"font-family: Jura;\"><span style=\"font-weight: normal; color: #6d3c00; font-family: Jura;\"><span style=\"font-weight: normal; font-family: Jura; color: #000000;\"><\/span><\/span><\/span><\/strong><\/span><\/span><\/span><\/em><\/span><\/p>\n<h4 style=\"text-align: justify;\"><span style=\"font-size: large;\"><span style=\"color: #000000;\"><span style=\"font-family: Jura;\">_ L&rsquo;ESPACE SPA\u00a0<span style=\"font-size: medium; font-weight: normal;\"><em>_ THE SPA AREA<\/em><\/span><\/span><\/span><\/span><\/h4>\n<h4 style=\"text-align: justify;\"><span style=\"font-size: large;\"><span style=\"color: #000000;\"><span style=\"font-family: Jura;\"><\/span><\/span><\/span><\/h4>\n<ul style=\"text-align: justify;\">\n<li style=\"text-align: left;\">\n<h4 style=\"text-align: justify;\"><span style=\"font-size: large;\"><span style=\"color: #000000;\"><span style=\"font-family: Jura;\">Piscine int\u00e9rieure chauff\u00e9e avec vue (longueur 15m, 28\u00b0C)\u00a0<\/span><\/span><\/span><span style=\"color: #000000; font-size: large;\"><span style=\"font-family: Jura; font-weight: normal;\"><em>_<\/em><\/span><\/span><span style=\"color: #000000; font-size: large;\"><span style=\"font-family: Jura; font-weight: normal;\"><em>\u00a0I<\/em><\/span><\/span><span style=\"font-size: medium;\"><em><span style=\"color: #000000;\"><span style=\"font-family: Jura; font-weight: normal;\">ndoor heated pool with view<\/span><\/span><\/em><\/span><\/h4>\n<\/li>\n<li style=\"text-align: left;\">\n<h4 style=\"text-align: justify;\"><span style=\"font-size: medium;\"><em><span style=\"color: #000000;\"><span style=\"font-family: Jura; font-weight: normal;\"><\/span><\/span><\/em><\/span><span style=\"font-size: large;\"><span style=\"color: #000000;\"><span style=\"font-family: Jura;\">Jacuzzi chauff\u00e9 \u00e0 37\u00b0C\u00a0 Deux hammams\u00a0<\/span><\/span><\/span><span style=\"color: #000000; font-size: large;\"><span style=\"font-family: Jura; font-weight: normal;\">\u00a0_\u00a0\u00a0<em>J<\/em><\/span><\/span><span style=\"color: #000000; font-size: large;\"><span style=\"font-family: Jura; font-weight: normal;\"><em><span style=\"font-size: medium;\">acuzzi heated to 37 degrees<\/span><\/em><\/span><\/span><\/h4>\n<\/li>\n<li style=\"text-align: left;\">\n<h4 style=\"text-align: justify;\"><span style=\"font-size: large;\"><span style=\"color: #000000;\"><span style=\"font-family: Jura;\">Deux saunas<\/span><\/span><\/span><span style=\"color: #000000; font-size: large;\"><span style=\"font-family: Jura; font-weight: normal;\">\u00a0_\u00a0<em><span style=\"font-size: medium;\">Two saunas<\/span><\/em><\/span><\/span><\/h4>\n<\/li>\n<li style=\"text-align: left;\">\n<h4 style=\"text-align: justify;\"><span style=\"color: #000000; font-size: large;\"><span style=\"font-family: Jura; font-weight: normal;\"><em><span style=\"font-size: medium;\"><\/span><\/em><\/span><\/span><span style=\"font-size: large;\"><span style=\"color: #000000;\"><span style=\"font-family: Jura;\">Deux hammams<\/span><\/span><\/span><span style=\"color: #000000; font-size: large;\"><span style=\"font-family: Jura; font-weight: normal;\">\u00a0_\u00a0<em><span style=\"font-size: medium;\">Two steam rooms<\/span><\/em><\/span><\/span><\/h4>\n<\/li>\n<li style=\"text-align: left;\">\n<h4 style=\"text-align: justify;\"><span style=\"font-size: large;\"><span style=\"color: #000000;\"><span style=\"font-family: Jura;\">Salle de sport \u00e9quip\u00e9e<\/span><\/span><\/span><span style=\"color: #000000; font-size: large;\"><span style=\"font-family: Jura; font-weight: normal;\">\u00a0_\u00a0<em>E<span style=\"font-size: medium;\">quipped sport room with mountains view<\/span><\/em><\/span><\/span><\/h4>\n<\/li>\n<\/ul>\n<p>&nbsp;<\/p>\n<p>&nbsp;<\/p>\n<p>&nbsp;<\/p>\n<h4 style=\"text-align: justify;\"><span style=\"font-size: medium;\"><em><span style=\"color: #000000;\"><span style=\"font-family: Jura; font-weight: normal;\"><span style=\"color: #5e3e00;\"><strong><span style=\"font-family: Jura;\"><span style=\"font-weight: normal; color: #6d3c00; font-family: Jura;\"><span style=\"font-weight: normal; font-family: Jura; color: #000000;\"><\/span><\/span><\/span><\/strong><\/span><\/span><\/span><\/em><\/span><\/h4>\n<p>[\/et_pb_blurb][\/et_pb_column][\/et_pb_row][et_pb_row custom_padding=\u00a0\u00bb0px|0px|14px|0px\u00a0\u00bb _builder_version=\u00a0\u00bb3.0.88&Prime;][et_pb_column type=\u00a0\u00bb1_3&Prime; _builder_version=\u00a0\u00bb3.0.88&Prime; parallax=\u00a0\u00bboff\u00a0\u00bb parallax_method=\u00a0\u00bbon\u00a0\u00bb][et_pb_text _builder_version=\u00a0\u00bb3.0.88&Prime; inline_fonts=\u00a0\u00bbJura\u00a0\u00bb]<\/p>\n<h4 style=\"text-align: center;\"><span style=\"font-family: Jura; font-weight: normal; font-size: xx-large; color: rgba(68, 36, 0, 0.86);\">Pauline <\/span><\/h4>\n<p>\u00a0<\/p>\n<h1 style=\"text-align: justify;\"><span style=\"font-size: large;\"><span style=\"color: #000000;\"><span style=\"font-family: Jura;\">Pauline est fondatrice du Spa Leen Pa\u00f4 (2017) et forte de 14 ann\u00e9es d&rsquo;exp\u00e9rience en spa et thalassoth\u00e9rapie.<\/span><\/span><\/span><\/h1>\n<h1 style=\"text-align: justify;\"><span style=\"font-size: large;\"><span style=\"color: #000000;\"><span style=\"font-family: Jura;\">Passionn\u00e9e par le massage, elle a suivi de nombreuses formations tel que le massage Traditionnel Tha\u00eflandais \u00e0 l&rsquo;\u00e9cole WatPo \u00e0 Bangkok et le massage Tahitien \u00e0 l&rsquo;\u00e9cole internationale Tahiti Massage en Polyn\u00e9sie Fran\u00e7aise.<\/span><\/span><\/span><\/h1>\n<h1 style=\"text-align: justify;\"><span style=\"font-size: large;\"><span style=\"color: #000000;\"><span style=\"font-family: Jura;\">Dipl\u00f4m\u00e9e du BTS Esth\u00e9tique, elle vous propose \u00e9galement des services d&rsquo;\u00e9pilations, soins du visage et soins du corps.<\/span><\/span><\/span><\/h1>\n<p style=\"text-align: justify;\"><span style=\"font-weight: normal; color: #000000; font-size: large; font-family: Jura;\"><span class=\"d2edcug0 hpfvmrgz qv66sw1b c1et5uql rrkovp55 a8c37x1j keod5gw0 nxhoafnm aigsh9s9 d3f4x2em fe6kdd0r mau55g9w c8b282yb iv3no6db jq4qci2q a3bd9o3v knj5qynh oo9gr5id hzawbc8m\" dir=\"auto\"><\/span><\/span><\/p>\n<p>[\/et_pb_text][\/et_pb_column][et_pb_column type=\u00a0\u00bb1_3&Prime; _builder_version=\u00a0\u00bb3.0.88&Prime; parallax=\u00a0\u00bboff\u00a0\u00bb parallax_method=\u00a0\u00bbon\u00a0\u00bb][et_pb_image src=\u00a0\u00bbhttps:\/\/leenpao.com\/wp-content\/uploads\/2019\/10\/IMG_7653-1.jpg\u00a0\u00bb _builder_version=\u00a0\u00bb3.0.88&Prime;][\/et_pb_image][\/et_pb_column][et_pb_column type=\u00a0\u00bb1_3&Prime; _builder_version=\u00a0\u00bb3.0.88&Prime; parallax=\u00a0\u00bboff\u00a0\u00bb parallax_method=\u00a0\u00bbon\u00a0\u00bb][et_pb_testimonial author=\u00a0\u00bbAlexandra\u00a0\u00bb url=\u00a0\u00bbhttps:\/\/www.google.com\/search?sca_esv=663206272e2400e5&#038;hl=fr&#038;authuser=0&#038;biw=1536&#038;bih=739&#038;sxsrf=ANbL-n4Fwupj5Ip3VOE3UiScVrINZp6EIA:1773260238750&#038;q=Le+Spa+Leen+Pa%C3%B4&#038;si=AL3DRZEsmMGCryMMFSHJ3StBhOdZ2-6yYkXd_doETEE1OR-qOYzRsAVk_prrC7WkccVTBaBuVI0xQG0tOuQEmsz4M_agN5k2vD2vCMUyyeFSj5RnsEX-4gs%3D&#038;uds=ALYpb_k6otuSYDT1zFYqBpNGDSzKy0J-tAudeQOFxgJXwWXlLgYYEYM1skO9Z1F-P6t7RKHfeC6M1TC7kkEnnvg33EHHuepljF6HTeo4nXH3abTRZvDE8aA&#038;sa=X&#038;ved=2ahUKEwi70v-U1ZiTAxXHUqQEHSBaLSsQ3PALegQILhAF\u00a0\u00bb url_new_window=\u00a0\u00bbon\u00a0\u00bb background_layout=\u00a0\u00bblight\u00a0\u00bb _builder_version=\u00a0\u00bb3.0.88&Prime; body_font=\u00a0\u00bb||||||||\u00a0\u00bb body_text_color=\u00a0\u00bb#474747&Prime; body_line_height=\u00a0\u00bb1.6em\u00a0\u00bb border_width_all=\u00a0\u00bb1px\u00a0\u00bb border_color_all=\u00a0\u00bb#bcbcbc\u00a0\u00bb text_orientation=\u00a0\u00bbjustified\u00a0\u00bb]<\/p>\n<p><span id=\"TBiyHc\">Un grand merci \u00e0 Pauline pour ce massage extraordinaire. Des mains en or, d&rsquo;une grande gentillesse, l&rsquo;huile de massage chaude, un pur bonheur ! D\u00e9tente absolue, le spa est bien entretenu<br \/>Je recommande +++<\/span><\/p>\n<p>[\/et_pb_testimonial][et_pb_button button_url=\u00a0\u00bbhttps:\/\/leenpao.setmore.com\u00a0\u00bb url_new_window=\u00a0\u00bbon\u00a0\u00bb button_text=\u00a0\u00bbPrendre rendez-vous\u00a0\u00bb button_alignment=\u00a0\u00bbcenter\u00a0\u00bb disabled_on=\u00a0\u00bboff|off|off\u00a0\u00bb _builder_version=\u00a0\u00bb3.0.88&Prime; custom_button=\u00a0\u00bbon\u00a0\u00bb button_text_size=\u00a0\u00bb18px\u00a0\u00bb button_text_color=\u00a0\u00bb#8e8e8e\u00a0\u00bb button_border_radius=\u00a0\u00bb13px\u00a0\u00bb button_letter_spacing=\u00a0\u00bb0px\u00a0\u00bb button_font=\u00a0\u00bb||||||||\u00a0\u00bb button_use_icon=\u00a0\u00bboff\u00a0\u00bb button_border_radius_hover=\u00a0\u00bb3px\u00a0\u00bb][\/et_pb_button][et_pb_button button_url=\u00a0\u00bbhttps:\/\/leenpao.setmore.com\u00a0\u00bb url_new_window=\u00a0\u00bbon\u00a0\u00bb button_text=\u00a0\u00bbMake an appointment\u00a0\u00bb button_alignment=\u00a0\u00bbcenter\u00a0\u00bb disabled_on=\u00a0\u00bboff|off|off\u00a0\u00bb _builder_version=\u00a0\u00bb3.0.88&Prime; custom_button=\u00a0\u00bbon\u00a0\u00bb button_text_size=\u00a0\u00bb17px\u00a0\u00bb button_text_color=\u00a0\u00bb#8e8e8e\u00a0\u00bb button_border_radius=\u00a0\u00bb13px\u00a0\u00bb button_letter_spacing=\u00a0\u00bb0px\u00a0\u00bb button_font=\u00a0\u00bb||||||||\u00a0\u00bb button_use_icon=\u00a0\u00bboff\u00a0\u00bb button_border_radius_hover=\u00a0\u00bb3px\u00a0\u00bb][\/et_pb_button][\/et_pb_column][\/et_pb_row][\/et_pb_section]<\/p>\n","protected":false},"excerpt":{"rendered":"<p>[et_pb_section fb_built=\u00a0\u00bb1&Prime; background_color=\u00a0\u00bb#e0d9cc\u00a0\u00bb fullwidth=\u00a0\u00bbon\u00a0\u00bb custom_padding_last_edited=\u00a0\u00bbon|desktop\u00a0\u00bb _builder_version=\u00a0\u00bb3.0.88&Prime; max_width_phone=\u00a0\u00bb100%\u00a0\u00bb max_width_last_edited=\u00a0\u00bbon|desktop\u00a0\u00bb custom_margin=\u00a0\u00bb0px|50px|0px|50px\u00a0\u00bb custom_margin_last_edited=\u00a0\u00bbon|desktop\u00a0\u00bb custom_padding=\u00a0\u00bb0px|0px|0px|0px\u00a0\u00bb][et_pb_fullwidth_slider _builder_version=\u00a0\u00bb3.0.88&Prime;][et_pb_slide use_bg_overlay=\u00a0\u00bboff\u00a0\u00bb _builder_version=\u00a0\u00bb3.0.88&Prime; background_image=\u00a0\u00bbhttps:\/\/leenpao.com\/wp-content\/uploads\/2019\/10\/985204351-e1727266327287.jpg\u00a0\u00bb background_size=\u00a0\u00bbcontain\u00a0\u00bb background_position=\u00a0\u00bbbottom_center\u00a0\u00bb][\/et_pb_slide][et_pb_slide use_bg_overlay=\u00a0\u00bboff\u00a0\u00bb _builder_version=\u00a0\u00bb3.0.88&Prime; background_image=\u00a0\u00bbhttps:\/\/leenpao.com\/wp-content\/uploads\/2017\/11\/spa2-e1727263696864.jpg\u00a0\u00bb background_position=\u00a0\u00bbbottom_center\u00a0\u00bb][\/et_pb_slide][et_pb_slide _builder_version=\u00a0\u00bb3.0.88&Prime; background_image=\u00a0\u00bbhttps:\/\/leenpao.com\/wp-content\/uploads\/2019\/10\/spa4-e1727262282152.jpg\u00a0\u00bb background_position=\u00a0\u00bbbottom_center\u00a0\u00bb][\/et_pb_slide][et_pb_slide _builder_version=\u00a0\u00bb3.0.88&Prime; background_image=\u00a0\u00bbhttps:\/\/leenpao.com\/wp-content\/uploads\/2019\/10\/71278869_2899116433438548_3009939653999460352_o-e1727263535406.jpg\u00a0\u00bb background_position=\u00a0\u00bbbottom_center\u00a0\u00bb][\/et_pb_slide][et_pb_slide use_bg_overlay=\u00a0\u00bbon\u00a0\u00bb bg_overlay_color=\u00a0\u00bb#e0d9ccc\u00a0\u00bb _builder_version=\u00a0\u00bb3.0.88&Prime; background_image=\u00a0\u00bbhttps:\/\/leenpao.com\/wp-content\/uploads\/2019\/10\/image-massage-e1727264583724.jpg\u00a0\u00bb background_size=\u00a0\u00bbinitial\u00a0\u00bb background_position=\u00a0\u00bbbottom_center\u00a0\u00bb][\/et_pb_slide][et_pb_slide use_bg_overlay=\u00a0\u00bboff\u00a0\u00bb arrows_custom_color=\u00a0\u00bb#ffffff\u00a0\u00bb _builder_version=\u00a0\u00bb3.0.88&Prime; background_image=\u00a0\u00bbhttps:\/\/leenpao.com\/wp-content\/uploads\/2017\/11\/cardio1-e1727261885247.jpg\u00a0\u00bb custom_button=\u00a0\u00bboff\u00a0\u00bb][\/et_pb_slide][\/et_pb_fullwidth_slider][\/et_pb_section][et_pb_section fb_built=\u00a0\u00bb1&Prime; background_color=\u00a0\u00bbrgba(255,255,255,0.68)\u00a0\u00bb _builder_version=\u00a0\u00bb3.0.88&Prime; max_width=\u00a0\u00bb92%\u00a0\u00bb module_alignment=\u00a0\u00bbcenter\u00a0\u00bb custom_margin=\u00a0\u00bb30px|30px|30px|30px\u00a0\u00bb custom_padding=\u00a0\u00bb0px|0px|0px|0px\u00a0\u00bb][et_pb_row custom_padding=\u00a0\u00bb51px|0px|0px|0px\u00a0\u00bb _builder_version=\u00a0\u00bb3.0.88&Prime; module_alignment=\u00a0\u00bbcenter\u00a0\u00bb][et_pb_column type=\u00a0\u00bb4_4&Prime; _builder_version=\u00a0\u00bb3.0.47&Prime; parallax=\u00a0\u00bboff\u00a0\u00bb parallax_method=\u00a0\u00bbon\u00a0\u00bb][et_pb_button button_url=\u00a0\u00bbhttps:\/\/leenpao.setmore.com\u00a0\u00bb url_new_window=\u00a0\u00bbon\u00a0\u00bb button_text=\u00a0\u00bbPrendre [&hellip;]<\/p>\n","protected":false},"author":2,"featured_media":1174,"parent":0,"menu_order":0,"comment_status":"closed","ping_status":"closed","template":"","meta":{"footnotes":""},"class_list":["post-20","page","type-page","status-publish","has-post-thumbnail","hentry"],"_links":{"self":[{"href":"https:\/\/leenpao.com\/index.php\/wp-json\/wp\/v2\/pages\/20","targetHints":{"allow":["GET"]}}],"collection":[{"href":"https:\/\/leenpao.com\/index.php\/wp-json\/wp\/v2\/pages"}],"about":[{"href":"https:\/\/leenpao.com\/index.php\/wp-json\/wp\/v2\/types\/page"}],"author":[{"embeddable":true,"href":"https:\/\/leenpao.com\/index.php\/wp-json\/wp\/v2\/users\/2"}],"replies":[{"embeddable":true,"href":"https:\/\/leenpao.com\/index.php\/wp-json\/wp\/v2\/comments?post=20"}],"version-history":[{"count":383,"href":"https:\/\/leenpao.com\/index.php\/wp-json\/wp\/v2\/pages\/20\/revisions"}],"predecessor-version":[{"id":2726,"href":"https:\/\/leenpao.com\/index.php\/wp-json\/wp\/v2\/pages\/20\/revisions\/2726"}],"wp:featuredmedia":[{"embeddable":true,"href":"https:\/\/leenpao.com\/index.php\/wp-json\/wp\/v2\/media\/1174"}],"wp:attachment":[{"href":"https:\/\/leenpao.com\/index.php\/wp-json\/wp\/v2\/media?parent=20"}],"curies":[{"name":"wp","href":"https:\/\/api.w.org\/{rel}","templated":true}]}}