{"id":1036,"date":"2024-10-06T13:26:37","date_gmt":"2024-10-06T11:26:37","guid":{"rendered":"http:\/\/leenpao.com\/?page_id=1036"},"modified":"2024-10-06T14:07:17","modified_gmt":"2024-10-06T12:07:17","slug":"offrir","status":"publish","type":"page","link":"https:\/\/leenpao.com\/index.php\/offrir\/","title":{"rendered":"Plaisir d&rsquo;offrir"},"content":{"rendered":"<p>[et_pb_section fb_built=\u00a0\u00bb1&Prime; background_color=\u00a0\u00bbrgba(255,255,255,0.62)\u00a0\u00bb module_id=\u00a0\u00bblayouts\u00a0\u00bb _builder_version=\u00a0\u00bb3.0.88&Prime; background_position=\u00a0\u00bbbottom_center\u00a0\u00bb background_blend=\u00a0\u00bblighten\u00a0\u00bb custom_margin=\u00a0\u00bb30px|30px|30px|30px\u00a0\u00bb custom_padding=\u00a0\u00bb12px|0px|0px|0px\u00a0\u00bb][et_pb_row custom_padding=\u00a0\u00bb19px|0px|27px|0px\u00a0\u00bb _builder_version=\u00a0\u00bb3.0.88&Prime;][et_pb_column type=\u00a0\u00bb4_4&Prime; _builder_version=\u00a0\u00bb3.0.88&Prime; parallax=\u00a0\u00bboff\u00a0\u00bb parallax_method=\u00a0\u00bbon\u00a0\u00bb][et_pb_text _builder_version=\u00a0\u00bb3.0.88&Prime; text_font=\u00a0\u00bbJura||||||||\u00a0\u00bb text_font_size=\u00a0\u00bb1px\u00a0\u00bb text_text_color=\u00a0\u00bbrgba(56,56,56,0.95)\u00a0\u00bb text_letter_spacing=\u00a0\u00bb2px\u00a0\u00bb header_font=\u00a0\u00bb||||||||\u00a0\u00bb header_font_size=\u00a0\u00bb25px\u00a0\u00bb inline_fonts=\u00a0\u00bbJura\u00a0\u00bb]<\/p>\n<h1 style=\"text-align: center;\"><span style=\"font-family: Jura; font-weight: normal; font-size: xx-large; color: rgba(84, 55, 2, 0.95);\">Plaisir d&rsquo;offrir<\/span><\/h1>\n<p>&nbsp;<\/p>\n<p>&nbsp;<\/p>\n<h1 style=\"text-align: justify;\"><span style=\"font-weight: normal; font-size: medium; font-family: Jura;\"><span style=\"color: #000000;\"><span class=\"d2edcug0 hpfvmrgz qv66sw1b c1et5uql rrkovp55 a8c37x1j keod5gw0 nxhoafnm aigsh9s9 d3f4x2em fe6kdd0r mau55g9w c8b282yb iv3no6db jq4qci2q a3bd9o3v knj5qynh oo9gr5id hzawbc8m\" dir=\"auto\"><span style=\"color: #000000;\">Le bon cadeau est propos\u00e9 sous forme de bon de valeur ou bon pour un soin. V<\/span><\/span><\/span><span style=\"color: #000000;\"><span class=\"d2edcug0 hpfvmrgz qv66sw1b c1et5uql rrkovp55 a8c37x1j keod5gw0 nxhoafnm aigsh9s9 d3f4x2em fe6kdd0r mau55g9w c8b282yb iv3no6db jq4qci2q a3bd9o3v knj5qynh oo9gr5id hzawbc8m\" dir=\"auto\"><span style=\"color: #000000;\">alable un an, il est \u00e9changeable et non-remboursable. Il<\/span><\/span><\/span><\/span><span style=\"font-weight: normal; font-size: medium; font-family: Jura;\"><span style=\"color: #000000;\"><span class=\"d2edcug0 hpfvmrgz qv66sw1b c1et5uql rrkovp55 a8c37x1j keod5gw0 nxhoafnm aigsh9s9 d3f4x2em fe6kdd0r mau55g9w c8b282yb iv3no6db jq4qci2q a3bd9o3v knj5qynh oo9gr5id hzawbc8m\" dir=\"auto\"> peut vous \u00eatre envoy\u00e9 <\/span><\/span><span style=\"color: #000000;\"><span class=\"d2edcug0 hpfvmrgz qv66sw1b c1et5uql rrkovp55 a8c37x1j keod5gw0 nxhoafnm aigsh9s9 d3f4x2em fe6kdd0r mau55g9w c8b282yb iv3no6db jq4qci2q a3bd9o3v knj5qynh oo9gr5id hzawbc8m\" dir=\"auto\">par mail,<\/span><\/span><span style=\"color: #000000;\"><span class=\"d2edcug0 hpfvmrgz qv66sw1b c1et5uql rrkovp55 a8c37x1j keod5gw0 nxhoafnm aigsh9s9 d3f4x2em fe6kdd0r mau55g9w c8b282yb iv3no6db jq4qci2q a3bd9o3v knj5qynh oo9gr5id hzawbc8m\" dir=\"auto\"> par voie postale (2\u20ac de suppl\u00e9ment par bon) <\/span><\/span><span style=\"color: #000000;\"><span class=\"d2edcug0 hpfvmrgz qv66sw1b c1et5uql rrkovp55 a8c37x1j keod5gw0 nxhoafnm aigsh9s9 d3f4x2em fe6kdd0r mau55g9w c8b282yb iv3no6db jq4qci2q a3bd9o3v knj5qynh oo9gr5id hzawbc8m\" dir=\"auto\">ou retir\u00e9 sur place.<\/span><\/span><span style=\"color: #000000;\"><span class=\"d2edcug0 hpfvmrgz qv66sw1b c1et5uql rrkovp55 a8c37x1j keod5gw0 nxhoafnm aigsh9s9 d3f4x2em fe6kdd0r mau55g9w c8b282yb iv3no6db jq4qci2q a3bd9o3v knj5qynh oo9gr5id hzawbc8m\" dir=\"auto\"><br \/><\/span><\/span><\/span><\/h1>\n<h1 style=\"text-align: justify;\"><span style=\"font-weight: normal; color: #000000; font-size: medium; font-family: Jura;\"><span class=\"d2edcug0 hpfvmrgz qv66sw1b c1et5uql rrkovp55 a8c37x1j keod5gw0 nxhoafnm aigsh9s9 d3f4x2em fe6kdd0r mau55g9w c8b282yb iv3no6db jq4qci2q a3bd9o3v knj5qynh oo9gr5id hzawbc8m\" dir=\"auto\"><\/span><\/span><\/h1>\n<h1 style=\"text-align: justify;\"><span style=\"font-weight: normal; color: #000000; font-size: medium; font-family: Jura;\"><span class=\"d2edcug0 hpfvmrgz qv66sw1b c1et5uql rrkovp55 a8c37x1j keod5gw0 nxhoafnm aigsh9s9 d3f4x2em fe6kdd0r mau55g9w c8b282yb iv3no6db jq4qci2q a3bd9o3v knj5qynh oo9gr5id hzawbc8m\" dir=\"auto\">Pour recevoir un bon, envoyez via la rubrique contact de ce site :<\/span><\/span><\/h1>\n<p style=\"text-align: justify;\">\n<h1 style=\"text-align: justify;\"><span style=\"font-weight: normal; color: #000000; font-size: medium; font-family: Jura;\"><span class=\"d2edcug0 hpfvmrgz qv66sw1b c1et5uql rrkovp55 a8c37x1j keod5gw0 nxhoafnm aigsh9s9 d3f4x2em fe6kdd0r mau55g9w c8b282yb iv3no6db jq4qci2q a3bd9o3v knj5qynh oo9gr5id hzawbc8m\" dir=\"auto\"><strong><\/strong><\/span><\/span><\/h1>\n<p style=\"text-align: justify;\">\n<h1 style=\"text-align: justify;\"><span style=\"font-weight: normal; font-size: medium; font-family: Jura;\"><span style=\"color: #000000;\"><span class=\"d2edcug0 hpfvmrgz qv66sw1b c1et5uql rrkovp55 a8c37x1j keod5gw0 nxhoafnm aigsh9s9 d3f4x2em fe6kdd0r mau55g9w c8b282yb iv3no6db jq4qci2q a3bd9o3v knj5qynh oo9gr5id hzawbc8m\" dir=\"auto\">_ L<\/span><\/span><span style=\"color: #000000;\"><span class=\"d2edcug0 hpfvmrgz qv66sw1b c1et5uql rrkovp55 a8c37x1j keod5gw0 nxhoafnm aigsh9s9 d3f4x2em fe6kdd0r mau55g9w c8b282yb iv3no6db jq4qci2q a3bd9o3v knj5qynh oo9gr5id hzawbc8m\" dir=\"auto\">e soin choisi ou la valeur que vous souhaitez offrir<\/span><\/span><\/span><\/h1>\n<p style=\"text-align: justify;\">\n<h1 style=\"text-align: justify;\"><span style=\"font-weight: normal; color: #000000; font-size: medium; font-family: Jura;\"><span class=\"d2edcug0 hpfvmrgz qv66sw1b c1et5uql rrkovp55 a8c37x1j keod5gw0 nxhoafnm aigsh9s9 d3f4x2em fe6kdd0r mau55g9w c8b282yb iv3no6db jq4qci2q a3bd9o3v knj5qynh oo9gr5id hzawbc8m\" dir=\"auto\">_ Le NOM et Pr\u00e9nom de la personne \u00e0 qui il est destin\u00e9<\/span><\/span><\/h1>\n<p style=\"text-align: justify;\">\n<h1 style=\"text-align: justify;\"><span style=\"font-weight: normal; color: #000000; font-size: medium; font-family: Jura;\"><span class=\"d2edcug0 hpfvmrgz qv66sw1b c1et5uql rrkovp55 a8c37x1j keod5gw0 nxhoafnm aigsh9s9 d3f4x2em fe6kdd0r mau55g9w c8b282yb iv3no6db jq4qci2q a3bd9o3v knj5qynh oo9gr5id hzawbc8m\" dir=\"auto\">_ Le pr\u00e9nom de la ou des personne(s) qui participe(nt) au cadeau<\/span><\/span><\/h1>\n<p style=\"text-align: justify;\">\n<h1 style=\"text-align: justify;\"><span style=\"font-weight: normal; color: #000000; font-size: medium; font-family: Jura;\"><span class=\"d2edcug0 hpfvmrgz qv66sw1b c1et5uql rrkovp55 a8c37x1j keod5gw0 nxhoafnm aigsh9s9 d3f4x2em fe6kdd0r mau55g9w c8b282yb iv3no6db jq4qci2q a3bd9o3v knj5qynh oo9gr5id hzawbc8m\" dir=\"auto\">_ Votre adresse postale si vous souhaitez recevoir le bon par courrier<\/span><\/span><\/h1>\n<p style=\"text-align: justify;\">\n<h1 style=\"text-align: justify;\"><span style=\"font-weight: normal; color: #000000; font-size: medium; font-family: Jura;\"><span class=\"d2edcug0 hpfvmrgz qv66sw1b c1et5uql rrkovp55 a8c37x1j keod5gw0 nxhoafnm aigsh9s9 d3f4x2em fe6kdd0r mau55g9w c8b282yb iv3no6db jq4qci2q a3bd9o3v knj5qynh oo9gr5id hzawbc8m\" dir=\"auto\">_ Votre num\u00e9ro de t\u00e9l\u00e9phone et adresse mail.<\/span><\/span><\/h1>\n<p style=\"text-align: justify;\">\n<h1 style=\"text-align: justify;\"><span style=\"font-weight: normal; color: #000000; font-size: medium; font-family: Jura;\"><span class=\"d2edcug0 hpfvmrgz qv66sw1b c1et5uql rrkovp55 a8c37x1j keod5gw0 nxhoafnm aigsh9s9 d3f4x2em fe6kdd0r mau55g9w c8b282yb iv3no6db jq4qci2q a3bd9o3v knj5qynh oo9gr5id hzawbc8m\" dir=\"auto\"><\/span><\/span><\/h1>\n<p style=\"text-align: justify;\">\n<h1 style=\"text-align: justify;\"><span style=\"font-weight: normal; color: #000000; font-size: medium; font-family: Jura;\"><span class=\"d2edcug0 hpfvmrgz qv66sw1b c1et5uql rrkovp55 a8c37x1j keod5gw0 nxhoafnm aigsh9s9 d3f4x2em fe6kdd0r mau55g9w c8b282yb iv3no6db jq4qci2q a3bd9o3v knj5qynh oo9gr5id hzawbc8m\" dir=\"auto\"><\/span><\/span><\/h1>\n<p style=\"text-align: justify;\">\n<h1 style=\"text-align: justify;\"><span style=\"font-weight: normal; color: #000000; font-size: medium; font-family: Jura;\"><span class=\"d2edcug0 hpfvmrgz qv66sw1b c1et5uql rrkovp55 a8c37x1j keod5gw0 nxhoafnm aigsh9s9 d3f4x2em fe6kdd0r mau55g9w c8b282yb iv3no6db jq4qci2q a3bd9o3v knj5qynh oo9gr5id hzawbc8m\" dir=\"auto\">Si vous \u00eates \u00e0 distance, le paiement s\u2019effectue par virement bancaire. Un RIB vous sera transmis dans un second temps.<\/span><\/span><\/h1>\n<p style=\"text-align: justify;\">\n<h1 style=\"text-align: justify;\"><span style=\"font-size: medium; font-family: Jura; font-weight: normal;\"><span style=\"color: #000000;\"><span class=\"d2edcug0 hpfvmrgz qv66sw1b c1et5uql rrkovp55 a8c37x1j keod5gw0 nxhoafnm aigsh9s9 d3f4x2em fe6kdd0r mau55g9w c8b282yb iv3no6db jq4qci2q a3bd9o3v knj5qynh oo9gr5id hzawbc8m\" dir=\"auto\">S<\/span><\/span><span style=\"color: #000000;\"><span class=\"d2edcug0 hpfvmrgz qv66sw1b c1et5uql rrkovp55 a8c37x1j keod5gw0 nxhoafnm aigsh9s9 d3f4x2em fe6kdd0r mau55g9w c8b282yb iv3no6db jq4qci2q a3bd9o3v knj5qynh oo9gr5id hzawbc8m\" dir=\"auto\">ur place, le paiement est possible par carte bancaire, ch\u00e8que ou esp\u00e8ces<\/span><\/span><span style=\"color: #000000;\"><span class=\"d2edcug0 hpfvmrgz qv66sw1b c1et5uql rrkovp55 a8c37x1j keod5gw0 nxhoafnm aigsh9s9 d3f4x2em fe6kdd0r mau55g9w c8b282yb iv3no6db jq4qci2q a3bd9o3v knj5qynh oo9gr5id hzawbc8m\" dir=\"auto\">.<\/span><\/span><\/span><\/h1>\n<p>&nbsp;<\/p>\n<p>&nbsp;<\/p>\n<h1 style=\"text-align: center;\"><span style=\"font-size: xx-large;\"><em><span style=\"font-family: Jura; font-weight: normal; color: rgba(84, 55, 2, 0.95);\">Pleasure of giving<\/span> <\/em><\/span><\/h1>\n<p style=\"text-align: justify;\">\n<p>&nbsp;<\/p>\n<h1 style=\"text-align: justify;\"><a href=\"https:\/\/leenpao.com\/index.php\/en\/\" hreflang=\"en-GB\" lang=\"en-GB\"><img loading=\"lazy\" decoding=\"async\" src=\"data:image\/png;base64,iVBORw0KGgoAAAANSUhEUgAAABAAAAALCAIAAAD5gJpuAAAAGXRFWHRTb2Z0d2FyZQBBZG9iZSBJbWFnZVJlYWR5ccllPAAAAflJREFUeNpinDRzn5qN3uFDt16+YWBg+Pv339+KGN0rbVP+\/\/2rW5tf0Hfy\/2+mr99+yKpyOl3Ydt8njEWIn8f9zj639NC7j78eP\/\/8739GVUUhNUNuhl8\/\/ysKeZrJ\/v7z10Zb2PTQTIY1XZO2Xmfad+f7XgkXxuUrVB6cjPVXef78JyMjA8PFuwyX7gAZj97+T2e9o3d4BWNp84K1NzubTjAB3fH0+fv6N3qP\/ir9bW6ozNQCijB8\/8zw\/TuQ7r4\/ndvN5mZgkpPXiis3Pv34+ZPh5t23\/\/79Rwehof\/9\/NDEgMrOXHvJcrllgpoRN8PFOwy\/fzP8+gUlgZI\/f\/5xcPj\/69e\/37\/\/AUX+\/mXRkN555gsOG2xt\/5hZQMwF4r9\/\/\/75++f3nz8nr75gSms82jfvQnT6zqvXPjC8e\/srJQHo9P9fvwNtAHmG4f8zZ6dDc3bIyM2LTNlsbtfM9OPHH3FhtqUz3eXX9H+cOy9ZMB2o6t\/Pn0DHMPz\/b+2wXGTvPlPGFxdcD+mZyjP8+8MUE6sa7a\/xo6Pykn1s4zdzIZ6\/\/\/8zMGpKM2pKAB0jqy4UE7\/msKat6Jw5mafrsxNtWZ6\/fjvNLW29qv25pQd\/\/\/n+5+\/fxDDVbcc\/\/P\/zx\/36m5Ub9zL8+7t66yEROcHK7q5bldMBAgwADcRBCuVLfoEAAAAASUVORK5CYII=\" title=\"English (en_GB)\" alt=\"English\" width=\"16\" height=\"11\" \/><\/a> <span style=\"font-size: medium; font-family: Jura; font-weight: normal;\"><em><span style=\"color: #000000;\"><span style=\"color: #5e3e00;\"><span style=\"color: #6d3c00;\"><span style=\"color: #000000;\">The gift voucher is a value check or voucher for a treatment. Valid for one year, exchangeable and non-refundable<\/span><\/span><\/span><\/span><\/em><\/span><span style=\"font-size: medium; font-family: Jura; font-weight: normal;\"><em><span style=\"color: #000000;\"><span style=\"color: #5e3e00;\"><span style=\"color: #6d3c00;\"><span style=\"color: #000000;\">. <\/span><\/span><\/span><\/span><\/em><\/span><span style=\"font-size: medium; font-family: Jura; font-weight: normal;\"><em><span style=\"color: #000000;\"><span style=\"color: #5e3e00;\"><span style=\"color: #6d3c00;\"><span style=\"color: #000000;\">The voucher can be sent by email or collected on site at Les Chalets du Gypse residence in Saint-Martin-de-Belleville.<\/span><\/span><\/span><\/span><\/em><\/span><\/h1>\n<h1>\u00a0<\/h1>\n<h1 style=\"text-align: justify;\"><span style=\"font-size: medium; font-family: Jura; font-weight: normal;\"><em><span style=\"color: #000000;\"><span style=\"color: #5e3e00;\"><span style=\"color: #6d3c00;\"><span style=\"color: #000000;\">To receive your voucher, call or text +336 38 69 63 93 or send a mail at contact@leenpao.com indicating :<br \/>_ The chosen treatment or the value you wish to offer<br \/>_ The first and last name of the person for whom it is intended<br \/>_ The first name of the person\/people offering the gift<br \/>_ Your mail adress and phone number<\/span><\/span><\/span><\/span><\/em><\/span><\/h1>\n<p>&nbsp;<\/p>\n<p style=\"text-align: center;\"><span style=\"font-size: medium; font-family: Jura; color: #000000;\"><\/span><\/p>\n<p>[\/et_pb_text][et_pb_image src=\u00a0\u00bbhttps:\/\/leenpao.com\/wp-content\/uploads\/2017\/11\/img-7743-auto_1020_765_90.jpg\u00a0\u00bb _builder_version=\u00a0\u00bb3.0.88&Prime;][\/et_pb_image][\/et_pb_column][\/et_pb_row][\/et_pb_section][et_pb_section fb_built=\u00a0\u00bb1&Prime; background_color=\u00a0\u00bbrgba(109,39,61,0.22)\u00a0\u00bb _builder_version=\u00a0\u00bb3.0.88&Prime; custom_padding=\u00a0\u00bb15px|0px|36px|0px\u00a0\u00bb][\/et_pb_section]<\/p>\n","protected":false},"excerpt":{"rendered":"<p>[et_pb_section fb_built=\u00a0\u00bb1&Prime; background_color=\u00a0\u00bbrgba(255,255,255,0.62)\u00a0\u00bb module_id=\u00a0\u00bblayouts\u00a0\u00bb _builder_version=\u00a0\u00bb3.0.88&Prime; background_position=\u00a0\u00bbbottom_center\u00a0\u00bb background_blend=\u00a0\u00bblighten\u00a0\u00bb custom_margin=\u00a0\u00bb30px|30px|30px|30px\u00a0\u00bb custom_padding=\u00a0\u00bb12px|0px|0px|0px\u00a0\u00bb][et_pb_row custom_padding=\u00a0\u00bb19px|0px|27px|0px\u00a0\u00bb _builder_version=\u00a0\u00bb3.0.88&Prime;][et_pb_column type=\u00a0\u00bb4_4&Prime; _builder_version=\u00a0\u00bb3.0.88&Prime; parallax=\u00a0\u00bboff\u00a0\u00bb parallax_method=\u00a0\u00bbon\u00a0\u00bb][et_pb_text _builder_version=\u00a0\u00bb3.0.88&Prime; text_font=\u00a0\u00bbJura||||||||\u00a0\u00bb text_font_size=\u00a0\u00bb1px\u00a0\u00bb text_text_color=\u00a0\u00bbrgba(56,56,56,0.95)\u00a0\u00bb text_letter_spacing=\u00a0\u00bb2px\u00a0\u00bb header_font=\u00a0\u00bb||||||||\u00a0\u00bb header_font_size=\u00a0\u00bb25px\u00a0\u00bb inline_fonts=\u00a0\u00bbJura\u00a0\u00bb] Plaisir d&rsquo;offrir &nbsp; &nbsp; Le bon cadeau est propos\u00e9 sous forme de bon de valeur ou bon pour un soin. Valable un an, il est \u00e9changeable et non-remboursable. Il peut vous \u00eatre [&hellip;]<\/p>\n","protected":false},"author":2,"featured_media":0,"parent":0,"menu_order":0,"comment_status":"closed","ping_status":"closed","template":"","meta":{"footnotes":""},"class_list":["post-1036","page","type-page","status-publish","hentry"],"_links":{"self":[{"href":"https:\/\/leenpao.com\/index.php\/wp-json\/wp\/v2\/pages\/1036","targetHints":{"allow":["GET"]}}],"collection":[{"href":"https:\/\/leenpao.com\/index.php\/wp-json\/wp\/v2\/pages"}],"about":[{"href":"https:\/\/leenpao.com\/index.php\/wp-json\/wp\/v2\/types\/page"}],"author":[{"embeddable":true,"href":"https:\/\/leenpao.com\/index.php\/wp-json\/wp\/v2\/users\/2"}],"replies":[{"embeddable":true,"href":"https:\/\/leenpao.com\/index.php\/wp-json\/wp\/v2\/comments?post=1036"}],"version-history":[{"count":30,"href":"https:\/\/leenpao.com\/index.php\/wp-json\/wp\/v2\/pages\/1036\/revisions"}],"predecessor-version":[{"id":2487,"href":"https:\/\/leenpao.com\/index.php\/wp-json\/wp\/v2\/pages\/1036\/revisions\/2487"}],"wp:attachment":[{"href":"https:\/\/leenpao.com\/index.php\/wp-json\/wp\/v2\/media?parent=1036"}],"curies":[{"name":"wp","href":"https:\/\/api.w.org\/{rel}","templated":true}]}}